{"id":3,"date":"2023-07-31T12:33:39","date_gmt":"2023-07-31T15:33:39","guid":{"rendered":"https:\/\/symnetics-novo.infindtestes.com.br\/?page_id=3"},"modified":"2023-09-19T18:03:38","modified_gmt":"2023-09-19T21:03:38","slug":"politica-de-privacidade","status":"publish","type":"page","link":"https:\/\/symnetics.com.br\/en\/politica-de-privacidade\/","title":{"rendered":"Privacy Policy"},"content":{"rendered":"\t\t<div data-elementor-type=\"wp-page\" data-elementor-id=\"3\" class=\"elementor elementor-3\" data-elementor-post-type=\"page\">\n\t\t\t\t<div class=\"elementor-element elementor-element-3c51d3f e-flex e-con-boxed e-con e-parent\" data-id=\"3c51d3f\" data-element_type=\"container\" data-e-type=\"container\">\n\t\t\t\t\t<div class=\"e-con-inner\">\n\t\t<div class=\"elementor-element elementor-element-e56acca e-flex e-con-boxed e-con e-child\" data-id=\"e56acca\" data-element_type=\"container\" data-e-type=\"container\">\n\t\t\t\t\t<div class=\"e-con-inner\">\n\t\t\t\t<div class=\"elementor-element elementor-element-dd92b80 margin-0 elementor-widget elementor-widget-heading\" data-id=\"dd92b80\" data-element_type=\"widget\" data-e-type=\"widget\" data-widget_type=\"heading.default\">\n\t\t\t\t<div class=\"elementor-widget-container\">\n\t\t\t\t\t<h1 class=\"elementor-heading-title elementor-size-default\">pol\u00edtica de privacidade<\/h1>\t\t\t\t<\/div>\n\t\t\t\t<\/div>\n\t\t\t\t<div class=\"elementor-element elementor-element-0cee906 margin-0 e-transform elementor-widget elementor-widget-heading\" data-id=\"0cee906\" data-element_type=\"widget\" data-e-type=\"widget\" data-settings=\"{&quot;motion_fx_motion_fx_scrolling&quot;:&quot;yes&quot;,&quot;motion_fx_translateY_effect&quot;:&quot;yes&quot;,&quot;motion_fx_translateY_speed&quot;:{&quot;unit&quot;:&quot;px&quot;,&quot;size&quot;:1.5,&quot;sizes&quot;:[]},&quot;motion_fx_translateY_affectedRange&quot;:{&quot;unit&quot;:&quot;%&quot;,&quot;size&quot;:&quot;&quot;,&quot;sizes&quot;:{&quot;start&quot;:50,&quot;end&quot;:100}},&quot;motion_fx_opacity_effect&quot;:&quot;yes&quot;,&quot;motion_fx_opacity_direction&quot;:&quot;out-in-out&quot;,&quot;motion_fx_opacity_range&quot;:{&quot;unit&quot;:&quot;%&quot;,&quot;size&quot;:&quot;&quot;,&quot;sizes&quot;:{&quot;start&quot;:35,&quot;end&quot;:70}},&quot;_transform_translateX_effect&quot;:{&quot;unit&quot;:&quot;%&quot;,&quot;size&quot;:&quot;&quot;,&quot;sizes&quot;:[]},&quot;_transform_translateX_effect_laptop&quot;:{&quot;unit&quot;:&quot;%&quot;,&quot;size&quot;:&quot;&quot;,&quot;sizes&quot;:[]},&quot;_transform_translateX_effect_tablet_extra&quot;:{&quot;unit&quot;:&quot;%&quot;,&quot;size&quot;:&quot;&quot;,&quot;sizes&quot;:[]},&quot;_transform_translateX_effect_tablet&quot;:{&quot;unit&quot;:&quot;%&quot;,&quot;size&quot;:&quot;&quot;,&quot;sizes&quot;:[]},&quot;_transform_translateX_effect_mobile_extra&quot;:{&quot;unit&quot;:&quot;%&quot;,&quot;size&quot;:&quot;&quot;,&quot;sizes&quot;:[]},&quot;_transform_translateX_effect_mobile&quot;:{&quot;unit&quot;:&quot;%&quot;,&quot;size&quot;:&quot;&quot;,&quot;sizes&quot;:[]},&quot;_transform_translateY_effect&quot;:{&quot;unit&quot;:&quot;px&quot;,&quot;size&quot;:-50,&quot;sizes&quot;:[]},&quot;motion_fx_opacity_level&quot;:{&quot;unit&quot;:&quot;px&quot;,&quot;size&quot;:10,&quot;sizes&quot;:[]},&quot;motion_fx_devices&quot;:[&quot;widescreen&quot;,&quot;desktop&quot;,&quot;laptop&quot;,&quot;tablet_extra&quot;,&quot;tablet&quot;,&quot;mobile_extra&quot;,&quot;mobile&quot;],&quot;_transform_translateX_effect_widescreen&quot;:{&quot;unit&quot;:&quot;px&quot;,&quot;size&quot;:&quot;&quot;,&quot;sizes&quot;:[]},&quot;_transform_translateY_effect_widescreen&quot;:{&quot;unit&quot;:&quot;px&quot;,&quot;size&quot;:&quot;&quot;,&quot;sizes&quot;:[]},&quot;_transform_translateY_effect_laptop&quot;:{&quot;unit&quot;:&quot;px&quot;,&quot;size&quot;:&quot;&quot;,&quot;sizes&quot;:[]},&quot;_transform_translateY_effect_tablet_extra&quot;:{&quot;unit&quot;:&quot;px&quot;,&quot;size&quot;:&quot;&quot;,&quot;sizes&quot;:[]},&quot;_transform_translateY_effect_tablet&quot;:{&quot;unit&quot;:&quot;px&quot;,&quot;size&quot;:&quot;&quot;,&quot;sizes&quot;:[]},&quot;_transform_translateY_effect_mobile_extra&quot;:{&quot;unit&quot;:&quot;px&quot;,&quot;size&quot;:&quot;&quot;,&quot;sizes&quot;:[]},&quot;_transform_translateY_effect_mobile&quot;:{&quot;unit&quot;:&quot;px&quot;,&quot;size&quot;:&quot;&quot;,&quot;sizes&quot;:[]}}\" data-widget_type=\"heading.default\">\n\t\t\t\t<div class=\"elementor-widget-container\">\n\t\t\t\t\t<div class=\"elementor-heading-title elementor-size-default\">pol\u00edtica de privacidade<\/div>\t\t\t\t<\/div>\n\t\t\t\t<\/div>\n\t\t\t\t<div class=\"elementor-element elementor-element-8ea9d6b e-transform elementor-widget-divider--view-line elementor-widget elementor-widget-divider\" data-id=\"8ea9d6b\" data-element_type=\"widget\" data-e-type=\"widget\" data-settings=\"{&quot;_transform_translateY_effect&quot;:{&quot;unit&quot;:&quot;px&quot;,&quot;size&quot;:-25,&quot;sizes&quot;:[]},&quot;_transform_translateX_effect&quot;:{&quot;unit&quot;:&quot;px&quot;,&quot;size&quot;:&quot;&quot;,&quot;sizes&quot;:[]},&quot;_transform_translateX_effect_widescreen&quot;:{&quot;unit&quot;:&quot;px&quot;,&quot;size&quot;:&quot;&quot;,&quot;sizes&quot;:[]},&quot;_transform_translateX_effect_laptop&quot;:{&quot;unit&quot;:&quot;px&quot;,&quot;size&quot;:&quot;&quot;,&quot;sizes&quot;:[]},&quot;_transform_translateX_effect_tablet_extra&quot;:{&quot;unit&quot;:&quot;px&quot;,&quot;size&quot;:&quot;&quot;,&quot;sizes&quot;:[]},&quot;_transform_translateX_effect_tablet&quot;:{&quot;unit&quot;:&quot;px&quot;,&quot;size&quot;:&quot;&quot;,&quot;sizes&quot;:[]},&quot;_transform_translateX_effect_mobile_extra&quot;:{&quot;unit&quot;:&quot;px&quot;,&quot;size&quot;:&quot;&quot;,&quot;sizes&quot;:[]},&quot;_transform_translateX_effect_mobile&quot;:{&quot;unit&quot;:&quot;px&quot;,&quot;size&quot;:&quot;&quot;,&quot;sizes&quot;:[]},&quot;_transform_translateY_effect_widescreen&quot;:{&quot;unit&quot;:&quot;px&quot;,&quot;size&quot;:&quot;&quot;,&quot;sizes&quot;:[]},&quot;_transform_translateY_effect_laptop&quot;:{&quot;unit&quot;:&quot;px&quot;,&quot;size&quot;:&quot;&quot;,&quot;sizes&quot;:[]},&quot;_transform_translateY_effect_tablet_extra&quot;:{&quot;unit&quot;:&quot;px&quot;,&quot;size&quot;:&quot;&quot;,&quot;sizes&quot;:[]},&quot;_transform_translateY_effect_tablet&quot;:{&quot;unit&quot;:&quot;px&quot;,&quot;size&quot;:&quot;&quot;,&quot;sizes&quot;:[]},&quot;_transform_translateY_effect_mobile_extra&quot;:{&quot;unit&quot;:&quot;px&quot;,&quot;size&quot;:&quot;&quot;,&quot;sizes&quot;:[]},&quot;_transform_translateY_effect_mobile&quot;:{&quot;unit&quot;:&quot;px&quot;,&quot;size&quot;:&quot;&quot;,&quot;sizes&quot;:[]}}\" data-widget_type=\"divider.default\">\n\t\t\t\t<div class=\"elementor-widget-container\">\n\t\t\t\t\t\t\t<div class=\"elementor-divider\">\n\t\t\t<span class=\"elementor-divider-separator\">\n\t\t\t\t\t\t<\/span>\n\t\t<\/div>\n\t\t\t\t\t\t<\/div>\n\t\t\t\t<\/div>\n\t\t\t\t\t<\/div>\n\t\t\t\t<\/div>\n\t\t\t\t\t<\/div>\n\t\t\t\t<\/div>\n\t\t<div class=\"elementor-element elementor-element-d744f5e e-flex e-con-boxed e-con e-parent\" data-id=\"d744f5e\" data-element_type=\"container\" data-e-type=\"container\">\n\t\t\t\t\t<div class=\"e-con-inner\">\n\t\t<div class=\"elementor-element elementor-element-108d444 e-flex e-con-boxed e-con e-child\" data-id=\"108d444\" data-element_type=\"container\" data-e-type=\"container\">\n\t\t\t\t\t<div class=\"e-con-inner\">\n\t\t\t\t<div class=\"elementor-element elementor-element-2ca6546 elementor-widget elementor-widget-text-editor\" data-id=\"2ca6546\" data-element_type=\"widget\" data-e-type=\"widget\" data-widget_type=\"text-editor.default\">\n\t\t\t\t<div class=\"elementor-widget-container\">\n\t\t\t\t\t\t\t\t\t<p>A Tantum Group Consultoria Empresarial (Symnetics) entende que sua privacidade \u00e9 muito importante. Temos o compromisso de respeitar sua privacidade e proteger seus dados pessoais, que s\u00e3o quaisquer informa\u00e7\u00f5es capazes de identific\u00e1-lo como pessoa individual, coletadas por meio de todos os sites ou aplicativos que postam um link para esta Pol\u00edtica de Privacidade (coletivamente, \u201cos sites\u201d). Esta Pol\u00edtica de Privacidade descreve como lidamos e protegemos seus dados pessoais em conex\u00e3o com os sites, na nossa capacidade como controladores destes dados.<\/p><h2><strong>Informa\u00e7\u00f5es que coletamos<\/strong><\/h2><p>A Tantum coleta dados pessoais em determinadas \u00e1reas dos sites, conforme segue: Quando voc\u00ea se registra ou solicita contatos, informa\u00e7\u00f5es ou propostas por meio de nossos sites, registra-se para receber novidades, inscreve-se em confer\u00eancias e eventos e \/ ou participa de \u00e1reas de postagem de usu\u00e1rios p\u00fablicos (como discuss\u00e3o f\u00f3runs e pesquisas). Os dados pessoais coletados variam e podem incluir informa\u00e7\u00f5es que voc\u00ea fornecer, como seu nome, endere\u00e7o para correspond\u00eancia, endere\u00e7o de e-mail, n\u00famero de telefone, n\u00famero de fax e outras informa\u00e7\u00f5es b\u00e1sicas. Por exemplo, ao registrar-se para receber novidades da Tantum, voc\u00ea concorda em receber a correspond\u00eancia para a qual voc\u00ea se inscreveu no endere\u00e7o de e-mail que voc\u00ea forneceu no momento do registro. Somente n\u00f3s ou nossos agentes entraremos em contato com voc\u00ea usando este endere\u00e7o de e-mail. N\u00f3s enviaremos e-mails para este endere\u00e7o relacionado ao seu registro.<\/p><p>Tamb\u00e9m podemos coletar automaticamente informa\u00e7\u00f5es sobre os dispositivos que voc\u00ea usa para interagir com nossos sites. As informa\u00e7\u00f5es que coletamos automaticamente podem incluir endere\u00e7o IP, identificador de dispositivo, navegador da Web e informa\u00e7\u00f5es de navega\u00e7\u00e3o coletadas por meio de cookies, web beacons, pixels, clear gifs e outras tecnologias semelhantes (coletivamente \u201cCookies e Outras Tecnologias de Rastreamento\u201d) em nossos sites. Tamb\u00e9m podemos coletar automaticamente informa\u00e7\u00f5es sobre como voc\u00ea usa os sites, como o que voc\u00ea pesquisou e visualizou nos sites. As informa\u00e7\u00f5es coletadas automaticamente ser\u00e3o associadas a quaisquer dados pessoais que voc\u00ea fornecer.<\/p><h2><strong>Uso de informa\u00e7\u00e3o<\/strong><\/h2><p>Os dados pessoais que coletamos podem ser usados \u200b\u200bquando tivermos seu consentimento espec\u00edfico para faz\u00ea-lo, ou quando a Tantum tiver interesse leg\u00edtimo ou outra base legal para processar tais informa\u00e7\u00f5es. Em algumas situa\u00e7\u00f5es, a coleta de dados pessoais pode ser necess\u00e1ria para a opera\u00e7\u00e3o dos sites ou para fornecer determinados servi\u00e7os ou produtos. A Tantum usa seus dados pessoais para atender suas solicita\u00e7\u00f5es de informa\u00e7\u00f5es, processar suas solicita\u00e7\u00f5es para participar de confer\u00eancias e eventos, personalizar o conte\u00fado visualizado ou recebido nos sites, avaliar e melhorar nossos servi\u00e7os, distribuir boletins informativos e alertas para voc\u00ea, recrutar e avaliar candidatos, analisar o desempenho e funcionamento dos sites, publicar suas cartas ou mensagens ao editor ou coment\u00e1rios, evitar fraudes, cumprir nossos termos de uso, cumprir todas as leis aplic\u00e1veis \u200b\u200be obriga\u00e7\u00f5es de relat\u00f3rios corporativos, fazer cumprir os contratos da Tantum e realizar outras finalidades que voc\u00ea possa iniciar ou solicitar. Podemos manter seus dados pessoais arquivados e us\u00e1-los para entrar em contato com voc\u00ea.<\/p><p>Podemos usar nossos cookies e de terceiros e outras tecnologias de rastreamento para gerenciar nossos sites e nossos servi\u00e7os e coletar an\u00e1lises sobre como voc\u00ea os usa. As informa\u00e7\u00f5es fornecidas ao longo desta Pol\u00edtica de Privacidade sobre cookies tamb\u00e9m se aplicam a essas outras tecnologias de rastreamento. Nossos sites n\u00e3o coletam dados pessoais sobre suas atividades on-line ao longo do tempo e em sites de terceiros ou servi\u00e7os on-line. Portanto, os sinais \u201cn\u00e3o rastrear\u201d transmitidos de navegadores da Web n\u00e3o se aplicam aos nossos sites, e n\u00f3s n\u00e3o alteramos nenhuma das nossas pr\u00e1ticas de coleta e uso de dados ap\u00f3s o recebimento de tal sinal.<\/p><h2><strong>Uso de informa\u00e7\u00f5es coletadas por meio de dispositivos m\u00f3veis<\/strong><\/h2><p>Em conex\u00e3o com nossos aplicativos m\u00f3veis, a Tantum pode usar provedores de servi\u00e7os terceirizados para analisar atividades de usu\u00e1rios n\u00e3o pessoalmente identific\u00e1veis \u200b\u200bpara corrigir erros, monitorar o uso e melhorar o desempenho dos aplicativos m\u00f3veis. Por exemplo, recebemos relat\u00f3rios sobre alguns dos padr\u00f5es agregados de uso e navega\u00e7\u00e3o de nossos aplicativos para dispositivos m\u00f3veis, incluindo informa\u00e7\u00f5es sobre o tipo de dispositivo usado, os artigos acessados \u200b\u200be outros eventos que ocorrem em nossos aplicativos. A Tantum tamb\u00e9m recebe relat\u00f3rios sobre certos erros que ocorrem em aplicativos m\u00f3veis. Nenhum desses prestadores de servi\u00e7os terceirizados re\u00fane informa\u00e7\u00f5es de maneira a identificar pessoalmente qualquer usu\u00e1rio em particular.<\/p><h2><strong>Destinat\u00e1rios de dados e transfer\u00eancias de dados internacionais<\/strong><\/h2><p>Os dados pessoais coletados nos sites podem ser transferidos de tempos em tempos para organiza\u00e7\u00f5es integrantes da Rede de Conhecimento da Tantum e seus funcion\u00e1rios em toda a nossa rede global, bem como para nossos provedores de servi\u00e7os terceirizados localizados em todo o mundo. Al\u00e9m disso, os sites podem ser visualizados e hospedados por n\u00f3s e por nossos provedores de servi\u00e7os terceirizados em qualquer parte do mundo. Quando exigido por lei, criamos mecanismos legais institu\u00eddos para garantir a prote\u00e7\u00e3o de dados adequada de seus dados pessoais que s\u00e3o processados \u200b\u200bpelos integrantes da rede Tantum e provedores de servi\u00e7os terceirizados, incluindo a transfer\u00eancia de seus dados pessoais para pa\u00edses diferentes daquele em que voc\u00ea residir. Ao usar qualquer um dos sites e fornecer informa\u00e7\u00f5es sobre qualquer um deles, voc\u00ea voluntariamente consente em tal transfer\u00eancia entre fronteiras e hospedagem de tais informa\u00e7\u00f5es.<\/p><p>A Tantum n\u00e3o divulgar\u00e1 ou transferir\u00e1 intencionalmente (e tomar\u00e1 medidas razo\u00e1veis \u200b\u200bpara impedir a divulga\u00e7\u00e3o n\u00e3o autorizada ou acidental) de seus dados pessoais a terceiros sem o seu consentimento, seja para fins de marketing pr\u00f3prios de terceiros ou de outra forma, exceto conforme a seguir. Podemos fornecer acesso aos seus dados pessoais a prestadores de servi\u00e7os terceirizados contratados por n\u00f3s para fornecer servi\u00e7os relacionados aos sites, desde que esses provedores de servi\u00e7os terceirizados concordem em manter a estrita confidencialidade de tais informa\u00e7\u00f5es e forne\u00e7am o mesmo n\u00edvel de dados de seguran\u00e7a fornecido pela Tantum.<\/p><p>Tamb\u00e9m podemos compartilhar seus dados pessoais com prestadores de servi\u00e7os terceirizados que realizam servi\u00e7os e fun\u00e7\u00f5es em nosso nome para apoiar nossas intera\u00e7\u00f5es com voc\u00ea, incluindo, por exemplo, o processamento de materiais de recrutamento, a administra\u00e7\u00e3o de pesquisas ou concursos ou a comunica\u00e7\u00e3o com voc\u00ea. Esses provedores de servi\u00e7os terceirizados n\u00e3o est\u00e3o autorizados a usar ou divulgar seus dados pessoais, exceto quando necess\u00e1rio para executar servi\u00e7os em nosso nome ou para cumprir os requisitos legais.<\/p><p>Al\u00e9m disso, podemos divulgar informa\u00e7\u00f5es sobre voc\u00ea: Se formos obrigados a faz\u00ea-lo por lei ou processo legal; Para as autoridades policiais ou outros funcion\u00e1rios do governo; Quando temos boas raz\u00f5es para acreditar que a divulga\u00e7\u00e3o \u00e9 necess\u00e1ria ou apropriada para prevenir danos f\u00edsicos ou perdas financeiras ou em conex\u00e3o com uma investiga\u00e7\u00e3o de atividade ilegal suspeita ou real; Se a divulga\u00e7\u00e3o for necess\u00e1ria para proteger os interesses vitais de uma pessoa; Para impor nossos Termos de Uso; Proteger nossa propriedade, servi\u00e7os e direitos legais; Prevenir fraudes contra a Tantum ou parceiros de neg\u00f3cios; Apoiar as fun\u00e7\u00f5es de auditoria, conformidade e governan\u00e7a corporativa; ou cumprir com todas e quaisquer leis aplic\u00e1veis.<\/p><p>Mantemos processos desenvolvidos para garantir que qualquer processamento de dados pessoais por terceiros seja consistente com esta Pol\u00edtica de Privacidade e proteja a confidencialidade, disponibilidade e integridade de seus dados pessoais. Al\u00e9m disso, podemos divulgar ou transferir seus dados pessoais no caso de reorganiza\u00e7\u00e3o, fus\u00e3o, venda, joint venture, cess\u00e3o ou outra transfer\u00eancia ou aliena\u00e7\u00e3o de toda ou qualquer parte de nossos neg\u00f3cios.<\/p><h2><strong>F\u00f3runs de usu\u00e1rios<\/strong><\/h2><p>Voc\u00ea deve estar ciente de que sempre que divulgar informa\u00e7\u00f5es on-line, essas informa\u00e7\u00f5es poder\u00e3o ser coletadas e usadas por outras pessoas. A Tantum n\u00e3o \u00e9 respons\u00e1vel por qualquer a\u00e7\u00e3o ou pol\u00edtica de terceiros que coletem informa\u00e7\u00f5es que os usu\u00e1rios divulguem publicamente em tais f\u00f3runs nos sites.<\/p><h2><strong>Link para sites de terceiros<\/strong><\/h2><p>A Tantum pode fornecer links para sites de terceiros ou informa\u00e7\u00f5es como um servi\u00e7o para nossos usu\u00e1rios. Se voc\u00ea usar esses links, sair\u00e1 dos sites. Tais links n\u00e3o constituem ou implicam em endosso, patroc\u00ednio ou recomenda\u00e7\u00e3o por parte da Tantum dos sites de terceiros ou das informa\u00e7\u00f5es nele contidas, e n\u00e3o seremos respons\u00e1veis \u200b\u200bpelo seu uso. Tal uso estar\u00e1 sujeito aos termos de uso e pol\u00edticas de privacidade aplic\u00e1veis \u200b\u200ba esses sites.<\/p><h2><strong>Rede social<\/strong><\/h2><p>Os sites podem permitir que voc\u00ea fa\u00e7a login e associe suas contas de redes sociais, incluindo, sem limita\u00e7\u00e3o, Twitter (X), LinkedIn, Facebook, Instagram e YouTube, com a Tantum. Os sites tamb\u00e9m podem permitir que voc\u00ea fa\u00e7a login em uma conta da Tantum usando determinadas credenciais de conta de rede social.<\/p><p>Ao associar sua conta de rede social \u00e0 Tantum ou ao fazer login em uma conta da Tantum usando as credenciais da sua conta de rede social, voc\u00ea nos d\u00e1 permiss\u00e3o para acessar as informa\u00e7\u00f5es que voc\u00ea disponibilizou em seu perfil p\u00fablico para essa conta da rede social. As informa\u00e7\u00f5es dispon\u00edveis em seu perfil p\u00fablico variam de acordo com a rede social e suas configura\u00e7\u00f5es, mas podem incluir seu endere\u00e7o de e-mail, nome real, foto do perfil, sexo e localiza\u00e7\u00e3o. Usamos as informa\u00e7\u00f5es que recebemos de sua conta de rede social de acordo com os termos de uso da rede social e esta Pol\u00edtica de Privacidade. Consulte as configura\u00e7\u00f5es de privacidade em sua conta de rede social para obter informa\u00e7\u00f5es sobre quais dados s\u00e3o compartilhados com a Tantum e outros aplicativos conectados e para gerenciar os dados que s\u00e3o compartilhados na sua conta, incluindo informa\u00e7\u00f5es sobre suas atividades usando nossos sites. Se voc\u00ea quiser desconectar uma conta de m\u00eddia social da Tantum, consulte as configura\u00e7\u00f5es dessa conta de rede social e de seu provedor.<\/p><h2><strong>Seguran\u00e7a<\/strong><\/h2><p>A Tantum implementou padr\u00f5es geralmente aceitos de tecnologia e seguran\u00e7a operacional para proteger os dados pessoais de perda, uso indevido, altera\u00e7\u00e3o ou destrui\u00e7\u00e3o. Somente pessoal autorizado da Tantum e provedores de servi\u00e7os terceirizados t\u00eam acesso a dados pessoais, e esses funcion\u00e1rios e prestadores de servi\u00e7os s\u00e3o obrigados a tratar essas informa\u00e7\u00f5es como confidenciais. Apesar destas precau\u00e7\u00f5es, no entanto, n\u00e3o podemos garantir que pessoas n\u00e3o autorizadas n\u00e3o obtenham acesso aos seus dados pessoais.<\/p><h2><strong>Pol\u00edtica de reten\u00e7\u00e3o de dados<\/strong><\/h2><p>A Tantum ret\u00e9m dados pessoais, conforme necess\u00e1rio, durante o per\u00edodo de relacionamento comercial relevante. Tamb\u00e9m podemos reter dados pessoais por mais tempo do que a dura\u00e7\u00e3o do relacionamento comercial, caso precisemos ret\u00ea-los para nos proteger contra reivindica\u00e7\u00f5es legais, us\u00e1-los para an\u00e1lise ou manuten\u00e7\u00e3o de registros hist\u00f3ricos ou cumprir nossas pol\u00edticas e agendas de gerenciamento de informa\u00e7\u00f5es. Se voc\u00ea solicitar que excluamos seus dados pessoais, a Tantum far\u00e1 tentativas razo\u00e1veis \u200b\u200bde excluir todas as inst\u00e2ncias da informa\u00e7\u00e3o em sua totalidade. Para pedidos de acesso, corre\u00e7\u00f5es ou exclus\u00e3o, consulte a se\u00e7\u00e3o \u201cSeus Direitos\u201d desta Pol\u00edtica de Privacidade.<\/p><h2><strong>Crian\u00e7as<\/strong><\/h2><p>Os Sites n\u00e3o s\u00e3o projetados ou direcionados a crian\u00e7as de at\u00e9 13 anos de idade, e a Tantum n\u00e3o coleta ou mant\u00e9m intencionalmente dados pessoais sobre pessoas abaixo dessa idade.<\/p><h2><strong>Seus direitos<\/strong><\/h2><p>Quando concedido pela lei local, voc\u00ea pode ter o direito de solicitar acesso aos dados pessoais que coletamos sobre voc\u00ea para fins de revis\u00e3o, modifica\u00e7\u00e3o ou solicita\u00e7\u00e3o de exclus\u00e3o dos dados. Voc\u00ea tamb\u00e9m pode ter o direito de solicitar uma c\u00f3pia dos dados pessoais que coletamos sobre voc\u00ea e de ter quaisquer imprecis\u00f5es nesses dados corrigidos. Em determinadas circunst\u00e2ncias, voc\u00ea tamb\u00e9m pode solicitar que paremos de processar seus dados pessoais.<\/p><p>Se voc\u00ea deseja fazer uma solicita\u00e7\u00e3o para acessar, revisar ou corrigir os dados pessoais que coletamos sobre voc\u00ea, ou para discutir como processamos seus dados pessoais, entre em contato conosco nos endere\u00e7os e telefones informados na parte inferior desta Pol\u00edtica de Privacidade. Para ajudar a proteger sua privacidade e seguran\u00e7a, tomaremos medidas razo\u00e1veis \u200b\u200bpara verificar sua identidade, como exigir uma senha e um ID de usu\u00e1rio, antes de conceder acesso aos seus dados pessoais. Faremos tentativas razo\u00e1veis \u200b\u200bde investigar, cumprir ou responder de qualquer outra forma \u00e0s suas solicita\u00e7\u00f5es, conforme exigido pela lei aplic\u00e1vel. Diferentes leis podem nos impedir de fornecer acesso a seus dados pessoais ou de cumprir integralmente com sua solicita\u00e7\u00e3o, dependendo das circunst\u00e2ncias e da solicita\u00e7\u00e3o, como, por exemplo, quando a produ\u00e7\u00e3o de suas informa\u00e7\u00f5es pode revelar a identidade de outra pessoa. Reservamo-nos o direito de cobrar uma taxa apropriada pelo cumprimento de sua solicita\u00e7\u00e3o, quando permitido pela lei aplic\u00e1vel, e \/ ou negar suas solicita\u00e7\u00f5es onde elas possam ser manifestamente infundadas e \/ ou excessivas ou, de outra forma, objet\u00e1veis \u200b\u200bou injustificadas sob a lei aplic\u00e1vel.<\/p><p>Al\u00e9m disso, e quando concedido pela legisla\u00e7\u00e3o local, voc\u00ea tem o direito legal de apresentar uma queixa junto a uma autoridade competente de prote\u00e7\u00e3o de dados.<\/p><p>Voc\u00ea tamb\u00e9m pode cancelar a inscri\u00e7\u00e3o em listas de discuss\u00e3o ou em qualquer registro dos sites. Para fazer isso, siga as instru\u00e7\u00f5es na p\u00e1gina dos sites em que voc\u00ea forneceu tais informa\u00e7\u00f5es, inscreveu-se ou registrou-se ou entre em contato no endere\u00e7o fornecido na parte inferior desta Pol\u00edtica de Privacidade.<\/p><h2><strong>Consentimento; Mudan\u00e7as na Pol\u00edtica de Privacidade<\/strong><\/h2><p>Ao usar os sites, voc\u00ea consente com a coleta, uso e armazenamento de seus dados pessoais por n\u00f3s da maneira descrita nesta Pol\u00edtica de Privacidade e em outros locais nos sites. Reservamo-nos o direito de fazer altera\u00e7\u00f5es a esta Pol\u00edtica de Privacidade de tempos em tempos. N\u00f3s o alertaremos sobre quaisquer altera\u00e7\u00f5es atualizando esta Pol\u00edtica de Privacidade. Se fizermos altera\u00e7\u00f5es materiais a esta Pol\u00edtica de Privacidade que aumentem nossos direitos de usar dados pessoais que coletamos anteriormente sobre voc\u00ea, obteremos seu consentimento por meio de um e-mail para seu endere\u00e7o de e-mail registrado ou por informa\u00e7\u00f5es destacadas sobre as altera\u00e7\u00f5es em nossos Sites.<\/p><h2><strong>Contate-nos<\/strong><\/h2><p>Se voc\u00ea tiver alguma d\u00favida sobre nossa Pol\u00edtica de Privacidade, entre em contato conosco em:<\/p><h2><strong>No Brasil:<\/strong><\/h2><p><a href=\"mailto:symnetics@symnetics.com.br\" target=\"_blank\" rel=\"noopener\">symnetics@symnetics.com.br<\/a> \/ <a href=\"tel:551141348200\" target=\"_blank\" rel=\"noopener\">+55 11 4134-8200<\/a><\/p>\t\t\t\t\t\t\t\t<\/div>\n\t\t\t\t<\/div>\n\t\t\t\t\t<\/div>\n\t\t\t\t<\/div>\n\t\t\t\t\t<\/div>\n\t\t\t\t<\/div>\n\t\t\t\t<\/div>\n\t\t","protected":false},"excerpt":{"rendered":"<p>pol\u00edtica de privacidade pol\u00edtica de privacidade A Tantum Group Consultoria Empresarial (Symnetics) entende que sua privacidade \u00e9 muito importante. Temos o compromisso de respeitar sua privacidade e proteger seus dados pessoais, que s\u00e3o quaisquer informa\u00e7\u00f5es capazes de identific\u00e1-lo como pessoa individual, coletadas por meio de todos os sites ou aplicativos que postam um link para [&hellip;]<\/p>\n","protected":false},"author":1,"featured_media":0,"parent":0,"menu_order":0,"comment_status":"closed","ping_status":"open","template":"","meta":{"_acf_changed":false,"footnotes":""},"class_list":["post-3","page","type-page","status-publish","hentry"],"acf":[],"_links":{"self":[{"href":"https:\/\/symnetics.com.br\/en\/wp-json\/wp\/v2\/pages\/3","targetHints":{"allow":["GET"]}}],"collection":[{"href":"https:\/\/symnetics.com.br\/en\/wp-json\/wp\/v2\/pages"}],"about":[{"href":"https:\/\/symnetics.com.br\/en\/wp-json\/wp\/v2\/types\/page"}],"author":[{"embeddable":true,"href":"https:\/\/symnetics.com.br\/en\/wp-json\/wp\/v2\/users\/1"}],"replies":[{"embeddable":true,"href":"https:\/\/symnetics.com.br\/en\/wp-json\/wp\/v2\/comments?post=3"}],"version-history":[{"count":14,"href":"https:\/\/symnetics.com.br\/en\/wp-json\/wp\/v2\/pages\/3\/revisions"}],"predecessor-version":[{"id":2497,"href":"https:\/\/symnetics.com.br\/en\/wp-json\/wp\/v2\/pages\/3\/revisions\/2497"}],"wp:attachment":[{"href":"https:\/\/symnetics.com.br\/en\/wp-json\/wp\/v2\/media?parent=3"}],"curies":[{"name":"wp","href":"https:\/\/api.w.org\/{rel}","templated":true}]}}